{"id":669,"date":"2025-07-08T22:21:49","date_gmt":"2025-07-08T22:21:49","guid":{"rendered":"https:\/\/rimmedical.com\/?post_type=product&#038;p=669"},"modified":"2025-11-17T14:54:57","modified_gmt":"2025-11-17T14:54:57","slug":"jeringa-con-aguja-3ml","status":"publish","type":"product","link":"https:\/\/rimmedical.com\/index.php\/producto\/jeringa-con-aguja-3ml\/","title":{"rendered":"Jeringa RIM\u00ae 3mL (22G x 1 1\/2\u201d)"},"content":{"rendered":"<p data-start=\"382\" data-end=\"774\">La <strong data-start=\"385\" data-end=\"425\">jeringa con aguja desechable est\u00e9ril<\/strong> RIM\u00ae de 3 mL (22G x 1 1\/2&#8243;) est\u00e1 dise\u00f1ada para brindar seguridad y precisi\u00f3n en cada aplicaci\u00f3n. Gracias a su fabricaci\u00f3n con materiales de alta calidad, ofrece un uso confiable tanto en cl\u00ednicas como en hospitales. Adem\u00e1s, es de un solo uso, est\u00e9ril, no t\u00f3xica y libre de pir\u00f3genos, cumpliendo con los m\u00e1s altos est\u00e1ndares de control de calidad.<\/p>\n<p data-start=\"776\" data-end=\"1213\">Su aguja de acero inoxidable, con afilado de alta precisi\u00f3n, permite una inyecci\u00f3n hipod\u00e9rmica suave y una aspiraci\u00f3n eficaz de soluciones. Por lo tanto, es ideal para administrar medicamentos, vacunas, soluciones intravenosas o para la toma de muestras. En cambio, su capacidad de 3 mL y calibre 22G proporcionan versatilidad para diversos procedimientos m\u00e9dicos, garantizando un flujo \u00f3ptimo y reduciendo la incomodidad del paciente.<\/p>\n<p data-start=\"1215\" data-end=\"1546\">Cada jeringa con aguja est\u00e1 empacada individualmente para mantener la esterilidad hasta el momento de su uso. Sin embargo, es importante seguir siempre las <strong data-start=\"1361\" data-end=\"1472\"><a class=\"\" href=\"https:\/\/www.who.int\/teams\/integrated-health-services\/infection-prevention-control\/injection-safety\" target=\"_new\" rel=\"noopener\" data-start=\"1363\" data-end=\"1470\">gu\u00edas de inyecci\u00f3n segura de la OMS<\/a><\/strong> y desecharla correctamente en contenedores para objetos punzocortantes.<\/p>\n<p data-start=\"1548\" data-end=\"1874\">Si buscas m\u00e1s opciones, descubre nuestra secci\u00f3n de <strong data-start=\"1600\" data-end=\"1649\"><a class=\"cursor-pointer\" href=\"https:\/\/rimmedical.com\/index.php\/productos\/?et_fb=1&amp;PageSpeed=off\" rel=\"noopener\" data-start=\"1602\" data-end=\"1647\">jeringas desechables<\/a><\/strong>, donde encontrar\u00e1s diferentes tama\u00f1os y calibres para adaptarse a cada necesidad m\u00e9dica o veterinaria. De esta manera, podr\u00e1s elegir el producto que mejor se ajuste a tu trabajo, siempre con la calidad garantizada de RIM\u00ae.<\/p>\n","protected":false},"excerpt":{"rendered":"<p>Jeringa con aguja desechable est\u00e9ril RIM\u00ae est\u00e1 dise\u00f1ada para brindar seguridad y precisi\u00f3n en cada aplicaci\u00f3n. Gracias a su fabricaci\u00f3n con materiales de alta calidad, ofrece un uso confiable tanto en cl\u00ednicas como en hospitales. Adem\u00e1s, es de un solo uso, est\u00e9ril, no t\u00f3xica y libre de pir\u00f3genos, cumpliendo con los m\u00e1s altos est\u00e1ndares de control de calidad<\/p>\n<p>&nbsp;<\/p>\n<p><a href=\"https:\/\/rimmedical.com\/wp-content\/uploads\/2025\/07\/iconosMesa-de-trabajo-1.png\"><img loading=\"lazy\" decoding=\"async\" class=\"alignnone wp-image-1064\" src=\"https:\/\/rimmedical.com\/wp-content\/uploads\/2025\/07\/iconosMesa-de-trabajo-1-150x150.png\" alt=\"\" width=\"90\" height=\"90\" \/><\/a> <a href=\"https:\/\/rimmedical.com\/wp-content\/uploads\/2025\/07\/iconosMesa-de-trabajo-2.png\"> \u00a0 \u00a0 \u00a0 \u00a0 \u00a0<\/a><a href=\"https:\/\/rimmedical.com\/wp-content\/uploads\/2025\/07\/iconosMesa-de-trabajo-2.png\"><img loading=\"lazy\" decoding=\"async\" class=\"alignnone wp-image-1065\" src=\"https:\/\/rimmedical.com\/wp-content\/uploads\/2025\/07\/iconosMesa-de-trabajo-2-150x150.png\" alt=\"\" width=\"90\" height=\"90\" \/> \u00a0 \u00a0 \u00a0 \u00a0 \u00a0<\/a><a href=\"https:\/\/rimmedical.com\/wp-content\/uploads\/2025\/07\/iconosMesa-de-trabajo-3.png\"><img loading=\"lazy\" decoding=\"async\" class=\"alignnone wp-image-1066\" src=\"https:\/\/rimmedical.com\/wp-content\/uploads\/2025\/07\/iconosMesa-de-trabajo-3-150x150.png\" alt=\"\" width=\"90\" height=\"90\" \/><\/a><\/p>\n<p>.<\/p>\n<table style=\"width: 250px; margin-top: 0px; margin-bottom: 0px; border-collapse: collapse; text-align: center; font-family: Poppins, medium; font-size: 14px;\">\n<tbody>\n<tr>\n<td style=\"border: 1px solid #999; padding: 4px 6px;\">Calibre<\/td>\n<td style=\"border: 1px solid #999; padding: 4px 6px;\">22G<\/td>\n<\/tr>\n<tr>\n<td style=\"border: 1px solid #999; padding: 4px 6px;\">Volumen<\/td>\n<td style=\"border: 1px solid #999; padding: 4px 6px;\">3mL<\/td>\n<\/tr>\n<tr>\n<td style=\"border: 1px solid #999; padding: 4px 6px;\">Longitud<\/td>\n<td style=\"border: 1px solid #999; padding: 4px 6px;\">1\u00a0 1\/2&#8243;<\/td>\n<\/tr>\n<\/tbody>\n<\/table>\n","protected":false},"featured_media":1959,"comment_status":"open","ping_status":"closed","template":"","meta":{"_et_pb_use_builder":"","_et_pb_old_content":"","_et_gb_content_width":""},"product_brand":[],"product_cat":[46],"product_tag":[],"class_list":{"0":"post-669","1":"product","2":"type-product","3":"status-publish","4":"has-post-thumbnail","6":"product_cat-jeringas-esteriles","8":"first","9":"instock","10":"shipping-taxable","11":"product-type-simple"},"yoast_head":"<!-- This site is optimized with the Yoast SEO plugin v26.9 - https:\/\/yoast.com\/product\/yoast-seo-wordpress\/ -->\n<title>Jeringa con aguja 3mL 23G x 1\u201d | Uso cl\u00ednico e inyecciones seguras<\/title>\n<meta name=\"description\" content=\"Jeringa con aguja 23G x 1\u201d, ideal para inyecciones subcut\u00e1neas o intramusculares. Alta precisi\u00f3n para uso m\u00e9dico o hospitalario.\" \/>\n<meta name=\"robots\" content=\"index, follow, max-snippet:-1, max-image-preview:large, max-video-preview:-1\" \/>\n<link rel=\"canonical\" href=\"https:\/\/rimmedical.com\/index.php\/producto\/jeringa-con-aguja-3ml\/\" \/>\n<meta property=\"og:locale\" content=\"es_ES\" \/>\n<meta property=\"og:type\" content=\"article\" \/>\n<meta property=\"og:title\" content=\"Jeringa con aguja 3mL 23G x 1\u201d | Uso cl\u00ednico e inyecciones seguras\" \/>\n<meta property=\"og:description\" content=\"Jeringa con aguja 23G x 1\u201d, ideal para inyecciones subcut\u00e1neas o intramusculares. Alta precisi\u00f3n para uso m\u00e9dico o hospitalario.\" \/>\n<meta property=\"og:url\" content=\"https:\/\/rimmedical.com\/index.php\/producto\/jeringa-con-aguja-3ml\/\" \/>\n<meta property=\"og:site_name\" content=\"RIM INSUMOS M\u00c9DICOS EL SALVADOR\" \/>\n<meta property=\"article:modified_time\" content=\"2025-11-17T14:54:57+00:00\" \/>\n<meta property=\"og:image\" content=\"https:\/\/rimmedical.com\/wp-content\/uploads\/2025\/07\/3mL_SyringeGeneral.jpg\" \/>\n\t<meta property=\"og:image:width\" content=\"800\" \/>\n\t<meta property=\"og:image:height\" content=\"800\" \/>\n\t<meta property=\"og:image:type\" content=\"image\/jpeg\" \/>\n<meta name=\"twitter:card\" content=\"summary_large_image\" \/>\n<meta name=\"twitter:label1\" content=\"Tiempo de lectura\" \/>\n\t<meta name=\"twitter:data1\" content=\"2 minutos\" \/>\n<script type=\"application\/ld+json\" class=\"yoast-schema-graph\">{\"@context\":\"https:\/\/schema.org\",\"@graph\":[{\"@type\":\"WebPage\",\"@id\":\"https:\/\/rimmedical.com\/index.php\/producto\/jeringa-con-aguja-3ml\/\",\"url\":\"https:\/\/rimmedical.com\/index.php\/producto\/jeringa-con-aguja-3ml\/\",\"name\":\"Jeringa con aguja 3mL 23G x 1\u201d | Uso cl\u00ednico e inyecciones seguras\",\"isPartOf\":{\"@id\":\"https:\/\/rimmedical.com\/#website\"},\"primaryImageOfPage\":{\"@id\":\"https:\/\/rimmedical.com\/index.php\/producto\/jeringa-con-aguja-3ml\/#primaryimage\"},\"image\":{\"@id\":\"https:\/\/rimmedical.com\/index.php\/producto\/jeringa-con-aguja-3ml\/#primaryimage\"},\"thumbnailUrl\":\"https:\/\/rimmedical.com\/wp-content\/uploads\/2025\/07\/3mL_SyringeGeneral.jpg\",\"datePublished\":\"2025-07-08T22:21:49+00:00\",\"dateModified\":\"2025-11-17T14:54:57+00:00\",\"description\":\"Jeringa con aguja 23G x 1\u201d, ideal para inyecciones subcut\u00e1neas o intramusculares. Alta precisi\u00f3n para uso m\u00e9dico o hospitalario.\",\"breadcrumb\":{\"@id\":\"https:\/\/rimmedical.com\/index.php\/producto\/jeringa-con-aguja-3ml\/#breadcrumb\"},\"inLanguage\":\"es\",\"potentialAction\":[{\"@type\":\"ReadAction\",\"target\":[\"https:\/\/rimmedical.com\/index.php\/producto\/jeringa-con-aguja-3ml\/\"]}]},{\"@type\":\"ImageObject\",\"inLanguage\":\"es\",\"@id\":\"https:\/\/rimmedical.com\/index.php\/producto\/jeringa-con-aguja-3ml\/#primaryimage\",\"url\":\"https:\/\/rimmedical.com\/wp-content\/uploads\/2025\/07\/3mL_SyringeGeneral.jpg\",\"contentUrl\":\"https:\/\/rimmedical.com\/wp-content\/uploads\/2025\/07\/3mL_SyringeGeneral.jpg\",\"width\":800,\"height\":800,\"caption\":\"Jeringa con aguja RIM\u00ae 3mL calibre 22G x 1 1\/2 pulgadas\"},{\"@type\":\"BreadcrumbList\",\"@id\":\"https:\/\/rimmedical.com\/index.php\/producto\/jeringa-con-aguja-3ml\/#breadcrumb\",\"itemListElement\":[{\"@type\":\"ListItem\",\"position\":1,\"name\":\"Portada\",\"item\":\"https:\/\/rimmedical.com\/\"},{\"@type\":\"ListItem\",\"position\":2,\"name\":\"Productos\",\"item\":\"https:\/\/rimmedical.com\/index.php\/tienda\/\"},{\"@type\":\"ListItem\",\"position\":3,\"name\":\"Jeringa RIM\u00ae 3mL (22G x 1 1\/2\u201d)\"}]},{\"@type\":\"WebSite\",\"@id\":\"https:\/\/rimmedical.com\/#website\",\"url\":\"https:\/\/rimmedical.com\/\",\"name\":\"RIM INSUMOS M\u00c9DICOS EL SALVADOR\",\"description\":\"\",\"potentialAction\":[{\"@type\":\"SearchAction\",\"target\":{\"@type\":\"EntryPoint\",\"urlTemplate\":\"https:\/\/rimmedical.com\/?s={search_term_string}\"},\"query-input\":{\"@type\":\"PropertyValueSpecification\",\"valueRequired\":true,\"valueName\":\"search_term_string\"}}],\"inLanguage\":\"es\"}]}<\/script>\n<!-- \/ Yoast SEO plugin. -->","yoast_head_json":{"title":"Jeringa con aguja 3mL 23G x 1\u201d | Uso cl\u00ednico e inyecciones seguras","description":"Jeringa con aguja 23G x 1\u201d, ideal para inyecciones subcut\u00e1neas o intramusculares. Alta precisi\u00f3n para uso m\u00e9dico o hospitalario.","robots":{"index":"index","follow":"follow","max-snippet":"max-snippet:-1","max-image-preview":"max-image-preview:large","max-video-preview":"max-video-preview:-1"},"canonical":"https:\/\/rimmedical.com\/index.php\/producto\/jeringa-con-aguja-3ml\/","og_locale":"es_ES","og_type":"article","og_title":"Jeringa con aguja 3mL 23G x 1\u201d | Uso cl\u00ednico e inyecciones seguras","og_description":"Jeringa con aguja 23G x 1\u201d, ideal para inyecciones subcut\u00e1neas o intramusculares. Alta precisi\u00f3n para uso m\u00e9dico o hospitalario.","og_url":"https:\/\/rimmedical.com\/index.php\/producto\/jeringa-con-aguja-3ml\/","og_site_name":"RIM INSUMOS M\u00c9DICOS EL SALVADOR","article_modified_time":"2025-11-17T14:54:57+00:00","og_image":[{"width":800,"height":800,"url":"https:\/\/rimmedical.com\/wp-content\/uploads\/2025\/07\/3mL_SyringeGeneral.jpg","type":"image\/jpeg"}],"twitter_card":"summary_large_image","twitter_misc":{"Tiempo de lectura":"2 minutos"},"schema":{"@context":"https:\/\/schema.org","@graph":[{"@type":"WebPage","@id":"https:\/\/rimmedical.com\/index.php\/producto\/jeringa-con-aguja-3ml\/","url":"https:\/\/rimmedical.com\/index.php\/producto\/jeringa-con-aguja-3ml\/","name":"Jeringa con aguja 3mL 23G x 1\u201d | Uso cl\u00ednico e inyecciones seguras","isPartOf":{"@id":"https:\/\/rimmedical.com\/#website"},"primaryImageOfPage":{"@id":"https:\/\/rimmedical.com\/index.php\/producto\/jeringa-con-aguja-3ml\/#primaryimage"},"image":{"@id":"https:\/\/rimmedical.com\/index.php\/producto\/jeringa-con-aguja-3ml\/#primaryimage"},"thumbnailUrl":"https:\/\/rimmedical.com\/wp-content\/uploads\/2025\/07\/3mL_SyringeGeneral.jpg","datePublished":"2025-07-08T22:21:49+00:00","dateModified":"2025-11-17T14:54:57+00:00","description":"Jeringa con aguja 23G x 1\u201d, ideal para inyecciones subcut\u00e1neas o intramusculares. Alta precisi\u00f3n para uso m\u00e9dico o hospitalario.","breadcrumb":{"@id":"https:\/\/rimmedical.com\/index.php\/producto\/jeringa-con-aguja-3ml\/#breadcrumb"},"inLanguage":"es","potentialAction":[{"@type":"ReadAction","target":["https:\/\/rimmedical.com\/index.php\/producto\/jeringa-con-aguja-3ml\/"]}]},{"@type":"ImageObject","inLanguage":"es","@id":"https:\/\/rimmedical.com\/index.php\/producto\/jeringa-con-aguja-3ml\/#primaryimage","url":"https:\/\/rimmedical.com\/wp-content\/uploads\/2025\/07\/3mL_SyringeGeneral.jpg","contentUrl":"https:\/\/rimmedical.com\/wp-content\/uploads\/2025\/07\/3mL_SyringeGeneral.jpg","width":800,"height":800,"caption":"Jeringa con aguja RIM\u00ae 3mL calibre 22G x 1 1\/2 pulgadas"},{"@type":"BreadcrumbList","@id":"https:\/\/rimmedical.com\/index.php\/producto\/jeringa-con-aguja-3ml\/#breadcrumb","itemListElement":[{"@type":"ListItem","position":1,"name":"Portada","item":"https:\/\/rimmedical.com\/"},{"@type":"ListItem","position":2,"name":"Productos","item":"https:\/\/rimmedical.com\/index.php\/tienda\/"},{"@type":"ListItem","position":3,"name":"Jeringa RIM\u00ae 3mL (22G x 1 1\/2\u201d)"}]},{"@type":"WebSite","@id":"https:\/\/rimmedical.com\/#website","url":"https:\/\/rimmedical.com\/","name":"RIM INSUMOS M\u00c9DICOS EL SALVADOR","description":"","potentialAction":[{"@type":"SearchAction","target":{"@type":"EntryPoint","urlTemplate":"https:\/\/rimmedical.com\/?s={search_term_string}"},"query-input":{"@type":"PropertyValueSpecification","valueRequired":true,"valueName":"search_term_string"}}],"inLanguage":"es"}]}},"jetpack_sharing_enabled":true,"_links":{"self":[{"href":"https:\/\/rimmedical.com\/index.php\/wp-json\/wp\/v2\/product\/669","targetHints":{"allow":["GET"]}}],"collection":[{"href":"https:\/\/rimmedical.com\/index.php\/wp-json\/wp\/v2\/product"}],"about":[{"href":"https:\/\/rimmedical.com\/index.php\/wp-json\/wp\/v2\/types\/product"}],"replies":[{"embeddable":true,"href":"https:\/\/rimmedical.com\/index.php\/wp-json\/wp\/v2\/comments?post=669"}],"wp:featuredmedia":[{"embeddable":true,"href":"https:\/\/rimmedical.com\/index.php\/wp-json\/wp\/v2\/media\/1959"}],"wp:attachment":[{"href":"https:\/\/rimmedical.com\/index.php\/wp-json\/wp\/v2\/media?parent=669"}],"wp:term":[{"taxonomy":"product_brand","embeddable":true,"href":"https:\/\/rimmedical.com\/index.php\/wp-json\/wp\/v2\/product_brand?post=669"},{"taxonomy":"product_cat","embeddable":true,"href":"https:\/\/rimmedical.com\/index.php\/wp-json\/wp\/v2\/product_cat?post=669"},{"taxonomy":"product_tag","embeddable":true,"href":"https:\/\/rimmedical.com\/index.php\/wp-json\/wp\/v2\/product_tag?post=669"}],"curies":[{"name":"wp","href":"https:\/\/api.w.org\/{rel}","templated":true}]}}