{"id":661,"date":"2025-07-08T22:09:53","date_gmt":"2025-07-08T22:09:53","guid":{"rendered":"https:\/\/rimmedical.com\/?post_type=product&#038;p=661"},"modified":"2025-11-17T14:52:49","modified_gmt":"2025-11-17T14:52:49","slug":"aguja-1ml-green","status":"publish","type":"product","link":"https:\/\/rimmedical.com\/index.php\/producto\/aguja-1ml-green\/","title":{"rendered":"Jeringa RIM\u00ae 3mL (21G x 1&#8243;)"},"content":{"rendered":"<p>Las jeringas desechable est\u00e9riles est\u00e1n dise\u00f1adas para la inyecci\u00f3n hipod\u00e9rmica y la aspiraci\u00f3n de soluciones en procedimientos m\u00e9dicos. De uso \u00fanico, est\u00e9ril, no t\u00f3xica y libre de pir\u00f3genos seg\u00fan pruebas de calidad.<\/p>\n<p><strong>\u00a0<\/strong><\/p>\n","protected":false},"excerpt":{"rendered":"<p>Jeringa RIM\u00ae dise\u00f1adas para la inyecci\u00f3n hipod\u00e9rmica y la aspiraci\u00f3n de soluciones en procedimientos m\u00e9dicos. De uso \u00fanico, est\u00e9ril, no t\u00f3xica y libre de pir\u00f3genos seg\u00fan pruebas de calidad.<\/p>\n<p>&nbsp;<\/p>\n<p><a href=\"https:\/\/rimmedical.com\/wp-content\/uploads\/2025\/07\/iconosMesa-de-trabajo-1.png\"><img loading=\"lazy\" decoding=\"async\" class=\"alignnone wp-image-1064\" src=\"https:\/\/rimmedical.com\/wp-content\/uploads\/2025\/07\/iconosMesa-de-trabajo-1-150x150.png\" alt=\"\" width=\"90\" height=\"90\" \/><\/a> \u00a0 \u00a0 \u00a0 \u00a0 \u00a0 <a href=\"https:\/\/rimmedical.com\/wp-content\/uploads\/2025\/07\/iconosMesa-de-trabajo-2.png\"><img loading=\"lazy\" decoding=\"async\" class=\"alignnone wp-image-1065\" src=\"https:\/\/rimmedical.com\/wp-content\/uploads\/2025\/07\/iconosMesa-de-trabajo-2-150x150.png\" alt=\"\" width=\"90\" height=\"90\" \/>\u00a0\u00a0 \u00a0 \u00a0 \u00a0 \u00a0 <\/a> <a href=\"https:\/\/rimmedical.com\/wp-content\/uploads\/2025\/07\/iconosMesa-de-trabajo-3.png\"><img loading=\"lazy\" decoding=\"async\" class=\"alignnone wp-image-1066\" src=\"https:\/\/rimmedical.com\/wp-content\/uploads\/2025\/07\/iconosMesa-de-trabajo-3-150x150.png\" alt=\"\" width=\"90\" height=\"90\" \/><\/a><\/p>\n<p>&nbsp;<\/p>\n<table style=\"width: 250px; margin-top: 0px; margin-bottom: 0px; border-collapse: collapse; text-align: center; font-family: Poppins, medium; font-size: 14px;\">\n<tbody>\n<tr>\n<td style=\"border: 1px solid #999; padding: 4px 6px;\">Calibre<\/td>\n<td style=\"border: 1px solid #999; padding: 4px 6px;\">21G<\/td>\n<\/tr>\n<tr>\n<td style=\"border: 1px solid #999; padding: 4px 6px;\">Volumen<\/td>\n<td style=\"border: 1px solid #999; padding: 4px 6px;\">3mL<\/td>\n<\/tr>\n<tr>\n<td style=\"border: 1px solid #999; padding: 4px 6px;\">Longitud<\/td>\n<td style=\"border: 1px solid #999; padding: 4px 6px;\">1&#8243;<\/td>\n<\/tr>\n<\/tbody>\n<\/table>\n","protected":false},"featured_media":1965,"comment_status":"open","ping_status":"closed","template":"","meta":{"_et_pb_use_builder":"","_et_pb_old_content":"","_et_gb_content_width":""},"product_brand":[],"product_cat":[46],"product_tag":[],"class_list":{"0":"post-661","1":"product","2":"type-product","3":"status-publish","4":"has-post-thumbnail","6":"product_cat-jeringas-esteriles","8":"first","9":"instock","10":"shipping-taxable","11":"product-type-simple"},"yoast_head":"<!-- This site is optimized with the Yoast SEO plugin v26.9 - https:\/\/yoast.com\/product\/yoast-seo-wordpress\/ -->\n<title>Aguja hipod\u00e9rmica 3mL 21G x 1\u201d | Uso m\u00e9dico y extracci\u00f3n segura<\/title>\n<meta name=\"description\" content=\"Aguja m\u00e9dica 21G x 1\u201d est\u00e9ril y de un solo uso. Compatible con jeringas est\u00e1ndar. Ideal para extracci\u00f3n de sangre o administraci\u00f3n de medicamentos.\" \/>\n<meta name=\"robots\" content=\"index, follow, max-snippet:-1, max-image-preview:large, max-video-preview:-1\" \/>\n<link rel=\"canonical\" href=\"https:\/\/rimmedical.com\/index.php\/producto\/aguja-1ml-green\/\" \/>\n<meta property=\"og:locale\" content=\"es_ES\" \/>\n<meta property=\"og:type\" content=\"article\" \/>\n<meta property=\"og:title\" content=\"Aguja hipod\u00e9rmica 3mL 21G x 1\u201d | Uso m\u00e9dico y extracci\u00f3n segura\" \/>\n<meta property=\"og:description\" content=\"Aguja m\u00e9dica 21G x 1\u201d est\u00e9ril y de un solo uso. Compatible con jeringas est\u00e1ndar. Ideal para extracci\u00f3n de sangre o administraci\u00f3n de medicamentos.\" \/>\n<meta property=\"og:url\" content=\"https:\/\/rimmedical.com\/index.php\/producto\/aguja-1ml-green\/\" \/>\n<meta property=\"og:site_name\" content=\"RIM INSUMOS M\u00c9DICOS EL SALVADOR\" \/>\n<meta property=\"article:modified_time\" content=\"2025-11-17T14:52:49+00:00\" \/>\n<meta property=\"og:image\" content=\"https:\/\/rimmedical.com\/wp-content\/uploads\/2025\/07\/3mL_SyringeGeneral-2.jpg\" \/>\n\t<meta property=\"og:image:width\" content=\"800\" \/>\n\t<meta property=\"og:image:height\" content=\"800\" \/>\n\t<meta property=\"og:image:type\" content=\"image\/jpeg\" \/>\n<meta name=\"twitter:card\" content=\"summary_large_image\" \/>\n<meta name=\"twitter:label1\" content=\"Tiempo de lectura\" \/>\n\t<meta name=\"twitter:data1\" content=\"1 minuto\" \/>\n<script type=\"application\/ld+json\" class=\"yoast-schema-graph\">{\"@context\":\"https:\/\/schema.org\",\"@graph\":[{\"@type\":\"WebPage\",\"@id\":\"https:\/\/rimmedical.com\/index.php\/producto\/aguja-1ml-green\/\",\"url\":\"https:\/\/rimmedical.com\/index.php\/producto\/aguja-1ml-green\/\",\"name\":\"Aguja hipod\u00e9rmica 3mL 21G x 1\u201d | Uso m\u00e9dico y extracci\u00f3n segura\",\"isPartOf\":{\"@id\":\"https:\/\/rimmedical.com\/#website\"},\"primaryImageOfPage\":{\"@id\":\"https:\/\/rimmedical.com\/index.php\/producto\/aguja-1ml-green\/#primaryimage\"},\"image\":{\"@id\":\"https:\/\/rimmedical.com\/index.php\/producto\/aguja-1ml-green\/#primaryimage\"},\"thumbnailUrl\":\"https:\/\/rimmedical.com\/wp-content\/uploads\/2025\/07\/3mL_SyringeGeneral-2.jpg\",\"datePublished\":\"2025-07-08T22:09:53+00:00\",\"dateModified\":\"2025-11-17T14:52:49+00:00\",\"description\":\"Aguja m\u00e9dica 21G x 1\u201d est\u00e9ril y de un solo uso. Compatible con jeringas est\u00e1ndar. Ideal para extracci\u00f3n de sangre o administraci\u00f3n de medicamentos.\",\"breadcrumb\":{\"@id\":\"https:\/\/rimmedical.com\/index.php\/producto\/aguja-1ml-green\/#breadcrumb\"},\"inLanguage\":\"es\",\"potentialAction\":[{\"@type\":\"ReadAction\",\"target\":[\"https:\/\/rimmedical.com\/index.php\/producto\/aguja-1ml-green\/\"]}]},{\"@type\":\"ImageObject\",\"inLanguage\":\"es\",\"@id\":\"https:\/\/rimmedical.com\/index.php\/producto\/aguja-1ml-green\/#primaryimage\",\"url\":\"https:\/\/rimmedical.com\/wp-content\/uploads\/2025\/07\/3mL_SyringeGeneral-2.jpg\",\"contentUrl\":\"https:\/\/rimmedical.com\/wp-content\/uploads\/2025\/07\/3mL_SyringeGeneral-2.jpg\",\"width\":800,\"height\":800,\"caption\":\"Jeringa desechable de 3ml con aguja 21G x 1, marca RIM.\"},{\"@type\":\"BreadcrumbList\",\"@id\":\"https:\/\/rimmedical.com\/index.php\/producto\/aguja-1ml-green\/#breadcrumb\",\"itemListElement\":[{\"@type\":\"ListItem\",\"position\":1,\"name\":\"Portada\",\"item\":\"https:\/\/rimmedical.com\/\"},{\"@type\":\"ListItem\",\"position\":2,\"name\":\"Productos\",\"item\":\"https:\/\/rimmedical.com\/index.php\/tienda\/\"},{\"@type\":\"ListItem\",\"position\":3,\"name\":\"Jeringa RIM\u00ae 3mL (21G x 1&#8243;)\"}]},{\"@type\":\"WebSite\",\"@id\":\"https:\/\/rimmedical.com\/#website\",\"url\":\"https:\/\/rimmedical.com\/\",\"name\":\"RIM INSUMOS M\u00c9DICOS EL SALVADOR\",\"description\":\"\",\"potentialAction\":[{\"@type\":\"SearchAction\",\"target\":{\"@type\":\"EntryPoint\",\"urlTemplate\":\"https:\/\/rimmedical.com\/?s={search_term_string}\"},\"query-input\":{\"@type\":\"PropertyValueSpecification\",\"valueRequired\":true,\"valueName\":\"search_term_string\"}}],\"inLanguage\":\"es\"}]}<\/script>\n<!-- \/ Yoast SEO plugin. -->","yoast_head_json":{"title":"Aguja hipod\u00e9rmica 3mL 21G x 1\u201d | Uso m\u00e9dico y extracci\u00f3n segura","description":"Aguja m\u00e9dica 21G x 1\u201d est\u00e9ril y de un solo uso. Compatible con jeringas est\u00e1ndar. Ideal para extracci\u00f3n de sangre o administraci\u00f3n de medicamentos.","robots":{"index":"index","follow":"follow","max-snippet":"max-snippet:-1","max-image-preview":"max-image-preview:large","max-video-preview":"max-video-preview:-1"},"canonical":"https:\/\/rimmedical.com\/index.php\/producto\/aguja-1ml-green\/","og_locale":"es_ES","og_type":"article","og_title":"Aguja hipod\u00e9rmica 3mL 21G x 1\u201d | Uso m\u00e9dico y extracci\u00f3n segura","og_description":"Aguja m\u00e9dica 21G x 1\u201d est\u00e9ril y de un solo uso. Compatible con jeringas est\u00e1ndar. Ideal para extracci\u00f3n de sangre o administraci\u00f3n de medicamentos.","og_url":"https:\/\/rimmedical.com\/index.php\/producto\/aguja-1ml-green\/","og_site_name":"RIM INSUMOS M\u00c9DICOS EL SALVADOR","article_modified_time":"2025-11-17T14:52:49+00:00","og_image":[{"width":800,"height":800,"url":"https:\/\/rimmedical.com\/wp-content\/uploads\/2025\/07\/3mL_SyringeGeneral-2.jpg","type":"image\/jpeg"}],"twitter_card":"summary_large_image","twitter_misc":{"Tiempo de lectura":"1 minuto"},"schema":{"@context":"https:\/\/schema.org","@graph":[{"@type":"WebPage","@id":"https:\/\/rimmedical.com\/index.php\/producto\/aguja-1ml-green\/","url":"https:\/\/rimmedical.com\/index.php\/producto\/aguja-1ml-green\/","name":"Aguja hipod\u00e9rmica 3mL 21G x 1\u201d | Uso m\u00e9dico y extracci\u00f3n segura","isPartOf":{"@id":"https:\/\/rimmedical.com\/#website"},"primaryImageOfPage":{"@id":"https:\/\/rimmedical.com\/index.php\/producto\/aguja-1ml-green\/#primaryimage"},"image":{"@id":"https:\/\/rimmedical.com\/index.php\/producto\/aguja-1ml-green\/#primaryimage"},"thumbnailUrl":"https:\/\/rimmedical.com\/wp-content\/uploads\/2025\/07\/3mL_SyringeGeneral-2.jpg","datePublished":"2025-07-08T22:09:53+00:00","dateModified":"2025-11-17T14:52:49+00:00","description":"Aguja m\u00e9dica 21G x 1\u201d est\u00e9ril y de un solo uso. Compatible con jeringas est\u00e1ndar. Ideal para extracci\u00f3n de sangre o administraci\u00f3n de medicamentos.","breadcrumb":{"@id":"https:\/\/rimmedical.com\/index.php\/producto\/aguja-1ml-green\/#breadcrumb"},"inLanguage":"es","potentialAction":[{"@type":"ReadAction","target":["https:\/\/rimmedical.com\/index.php\/producto\/aguja-1ml-green\/"]}]},{"@type":"ImageObject","inLanguage":"es","@id":"https:\/\/rimmedical.com\/index.php\/producto\/aguja-1ml-green\/#primaryimage","url":"https:\/\/rimmedical.com\/wp-content\/uploads\/2025\/07\/3mL_SyringeGeneral-2.jpg","contentUrl":"https:\/\/rimmedical.com\/wp-content\/uploads\/2025\/07\/3mL_SyringeGeneral-2.jpg","width":800,"height":800,"caption":"Jeringa desechable de 3ml con aguja 21G x 1, marca RIM."},{"@type":"BreadcrumbList","@id":"https:\/\/rimmedical.com\/index.php\/producto\/aguja-1ml-green\/#breadcrumb","itemListElement":[{"@type":"ListItem","position":1,"name":"Portada","item":"https:\/\/rimmedical.com\/"},{"@type":"ListItem","position":2,"name":"Productos","item":"https:\/\/rimmedical.com\/index.php\/tienda\/"},{"@type":"ListItem","position":3,"name":"Jeringa RIM\u00ae 3mL (21G x 1&#8243;)"}]},{"@type":"WebSite","@id":"https:\/\/rimmedical.com\/#website","url":"https:\/\/rimmedical.com\/","name":"RIM INSUMOS M\u00c9DICOS EL SALVADOR","description":"","potentialAction":[{"@type":"SearchAction","target":{"@type":"EntryPoint","urlTemplate":"https:\/\/rimmedical.com\/?s={search_term_string}"},"query-input":{"@type":"PropertyValueSpecification","valueRequired":true,"valueName":"search_term_string"}}],"inLanguage":"es"}]}},"jetpack_sharing_enabled":true,"_links":{"self":[{"href":"https:\/\/rimmedical.com\/index.php\/wp-json\/wp\/v2\/product\/661","targetHints":{"allow":["GET"]}}],"collection":[{"href":"https:\/\/rimmedical.com\/index.php\/wp-json\/wp\/v2\/product"}],"about":[{"href":"https:\/\/rimmedical.com\/index.php\/wp-json\/wp\/v2\/types\/product"}],"replies":[{"embeddable":true,"href":"https:\/\/rimmedical.com\/index.php\/wp-json\/wp\/v2\/comments?post=661"}],"wp:featuredmedia":[{"embeddable":true,"href":"https:\/\/rimmedical.com\/index.php\/wp-json\/wp\/v2\/media\/1965"}],"wp:attachment":[{"href":"https:\/\/rimmedical.com\/index.php\/wp-json\/wp\/v2\/media?parent=661"}],"wp:term":[{"taxonomy":"product_brand","embeddable":true,"href":"https:\/\/rimmedical.com\/index.php\/wp-json\/wp\/v2\/product_brand?post=661"},{"taxonomy":"product_cat","embeddable":true,"href":"https:\/\/rimmedical.com\/index.php\/wp-json\/wp\/v2\/product_cat?post=661"},{"taxonomy":"product_tag","embeddable":true,"href":"https:\/\/rimmedical.com\/index.php\/wp-json\/wp\/v2\/product_tag?post=661"}],"curies":[{"name":"wp","href":"https:\/\/api.w.org\/{rel}","templated":true}]}}