{"id":653,"date":"2025-07-08T22:07:51","date_gmt":"2025-07-08T22:07:51","guid":{"rendered":"https:\/\/rimmedical.com\/?post_type=product&#038;p=653"},"modified":"2025-11-17T13:46:44","modified_gmt":"2025-11-17T13:46:44","slug":"aguja-de-insulina","status":"publish","type":"product","link":"https:\/\/rimmedical.com\/index.php\/producto\/aguja-de-insulina\/","title":{"rendered":"Jeringa de Insulina RIM\u00ae 1mL (30G x 5\/16\u201d) Ultra fina"},"content":{"rendered":"<p>Las jeringas desechable est\u00e9riles est\u00e1n dise\u00f1adas para la inyecci\u00f3n hipod\u00e9rmica y la aspiraci\u00f3n de soluciones en procedimientos m\u00e9dicos. De uso \u00fanico, est\u00e9ril, no t\u00f3xica y libre de pir\u00f3genos seg\u00fan pruebas de calidad. <strong>\u00a0<\/strong><\/p>\n","protected":false},"excerpt":{"rendered":"<p>Jeringas de insulina est\u00e9riles con aguja fina integrada. Ideal para uso diario en pacientes diab\u00e9ticos. Aplicaci\u00f3n c\u00f3moda y segura.<\/p>\n<p>&nbsp;<\/p>\n<p><a href=\"https:\/\/rimmedical.com\/wp-content\/uploads\/2025\/07\/iconosMesa-de-trabajo-1.png\">\u00a0 <\/a><a href=\"https:\/\/rimmedical.com\/wp-content\/uploads\/2025\/07\/iconosMesa-de-trabajo-1.png\"><img loading=\"lazy\" decoding=\"async\" class=\"alignnone wp-image-1064\" src=\"https:\/\/rimmedical.com\/wp-content\/uploads\/2025\/07\/iconosMesa-de-trabajo-1-300x300.png\" alt=\"\" width=\"90\" height=\"90\" \/><\/a><a href=\"https:\/\/rimmedical.com\/wp-content\/uploads\/2025\/07\/iconosMesa-de-trabajo-1.png\"> \u00a0 \u00a0 \u00a0 \u00a0<\/a><a href=\"https:\/\/rimmedical.com\/wp-content\/uploads\/2025\/07\/iconosMesa-de-trabajo-2.png\"><img loading=\"lazy\" decoding=\"async\" class=\"alignnone wp-image-1065\" src=\"https:\/\/rimmedical.com\/wp-content\/uploads\/2025\/07\/iconosMesa-de-trabajo-2-300x300.png\" alt=\"\" width=\"90\" height=\"90\" \/><\/a><a href=\"https:\/\/rimmedical.com\/wp-content\/uploads\/2025\/07\/iconosMesa-de-trabajo-1.png\"> \u00a0 \u00a0 \u00a0 \u00a0<\/a><a href=\"https:\/\/rimmedical.com\/wp-content\/uploads\/2025\/08\/ICONOSMesa-de-trabajo-6@150x-1.webp\"><img loading=\"lazy\" decoding=\"async\" class=\"alignnone wp-image-2212\" src=\"https:\/\/rimmedical.com\/wp-content\/uploads\/2025\/08\/ICONOSMesa-de-trabajo-6@150x-1-300x300.webp\" alt=\"\" width=\"90\" height=\"90\" \/><\/a> <a href=\"https:\/\/rimmedical.com\/wp-content\/uploads\/2025\/07\/iconosMesa-de-trabajo-2.png\">\u00a0 \u00a0 \u00a0<\/a><a href=\"https:\/\/rimmedical.com\/wp-content\/uploads\/2025\/07\/iconosMesa-de-trabajo-2.png\">\u00a0 \u00a0<\/a><\/p>\n<p>&nbsp;<\/p>\n<table style=\"width: 250px; margin-top: 0px; margin-bottom: 0px; border-collapse: collapse; text-align: center; font-family: Poppins, medium; font-size: 14px;\">\n<tbody>\n<tr>\n<td style=\"border: 1px solid #999; padding: 4px 6px;\">Calibre<\/td>\n<td style=\"border: 1px solid #999; padding: 4px 6px;\">30G<\/td>\n<\/tr>\n<tr>\n<td style=\"border: 1px solid #999; padding: 4px 6px;\">Volumen<\/td>\n<td style=\"border: 1px solid #999; padding: 4px 6px;\">1mL<\/td>\n<\/tr>\n<tr>\n<td style=\"border: 1px solid #999; padding: 4px 6px;\">Longitud<\/td>\n<td style=\"border: 1px solid #999; padding: 4px 6px;\">5\/16&#8243;<\/td>\n<\/tr>\n<\/tbody>\n<\/table>\n","protected":false},"featured_media":1971,"comment_status":"open","ping_status":"closed","template":"","meta":{"_et_pb_use_builder":"off","_et_pb_old_content":"Las jeringas desechable est\u00e9riles est\u00e1n dise\u00f1adas para la inyecci\u00f3n hipod\u00e9rmica y la aspiraci\u00f3n de soluciones en procedimientos m\u00e9dicos. De uso \u00fanico, est\u00e9ril, no t\u00f3xica y libre de pir\u00f3genos seg\u00fan pruebas de calidad.\r\n\r\n<strong>\u00a0<\/strong>","_et_gb_content_width":""},"product_brand":[],"product_cat":[50,45],"product_tag":[],"class_list":{"0":"post-653","1":"product","2":"type-product","3":"status-publish","4":"has-post-thumbnail","6":"product_cat-destacados","7":"product_cat-insumos-para-diabeticos","9":"first","10":"instock","11":"shipping-taxable","12":"product-type-simple"},"yoast_head":"<!-- This site is optimized with the Yoast SEO plugin v26.9 - https:\/\/yoast.com\/product\/yoast-seo-wordpress\/ -->\n<title>Jeringa de insulina 1 mL | Dosis precisas y sin dolor<\/title>\n<meta name=\"description\" content=\"Jeringas de insulina est\u00e9riles con aguja fina integrada. Ideal para uso diario en pacientes diab\u00e9ticos. Aplicaci\u00f3n c\u00f3moda y segura. Caja por 100.\" \/>\n<meta name=\"robots\" content=\"index, follow, max-snippet:-1, max-image-preview:large, max-video-preview:-1\" \/>\n<link rel=\"canonical\" href=\"https:\/\/rimmedical.com\/index.php\/producto\/aguja-de-insulina\/\" \/>\n<meta property=\"og:locale\" content=\"es_ES\" \/>\n<meta property=\"og:type\" content=\"article\" \/>\n<meta property=\"og:title\" content=\"Jeringa de insulina 1 mL | Dosis precisas y sin dolor\" \/>\n<meta property=\"og:description\" content=\"Jeringas de insulina est\u00e9riles con aguja fina integrada. Ideal para uso diario en pacientes diab\u00e9ticos. Aplicaci\u00f3n c\u00f3moda y segura. Caja por 100.\" \/>\n<meta property=\"og:url\" content=\"https:\/\/rimmedical.com\/index.php\/producto\/aguja-de-insulina\/\" \/>\n<meta property=\"og:site_name\" content=\"RIM INSUMOS M\u00c9DICOS EL SALVADOR\" \/>\n<meta property=\"article:modified_time\" content=\"2025-11-17T13:46:44+00:00\" \/>\n<meta property=\"og:image\" content=\"https:\/\/rimmedical.com\/wp-content\/uploads\/2025\/07\/1mL_InSyringeGeneral.jpg\" \/>\n\t<meta property=\"og:image:width\" content=\"800\" \/>\n\t<meta property=\"og:image:height\" content=\"800\" \/>\n\t<meta property=\"og:image:type\" content=\"image\/jpeg\" \/>\n<meta name=\"twitter:card\" content=\"summary_large_image\" \/>\n<meta name=\"twitter:label1\" content=\"Tiempo de lectura\" \/>\n\t<meta name=\"twitter:data1\" content=\"1 minuto\" \/>\n<script type=\"application\/ld+json\" class=\"yoast-schema-graph\">{\"@context\":\"https:\/\/schema.org\",\"@graph\":[{\"@type\":\"WebPage\",\"@id\":\"https:\/\/rimmedical.com\/index.php\/producto\/aguja-de-insulina\/\",\"url\":\"https:\/\/rimmedical.com\/index.php\/producto\/aguja-de-insulina\/\",\"name\":\"Jeringa de insulina 1 mL | Dosis precisas y sin dolor\",\"isPartOf\":{\"@id\":\"https:\/\/rimmedical.com\/#website\"},\"primaryImageOfPage\":{\"@id\":\"https:\/\/rimmedical.com\/index.php\/producto\/aguja-de-insulina\/#primaryimage\"},\"image\":{\"@id\":\"https:\/\/rimmedical.com\/index.php\/producto\/aguja-de-insulina\/#primaryimage\"},\"thumbnailUrl\":\"https:\/\/rimmedical.com\/wp-content\/uploads\/2025\/07\/1mL_InSyringeGeneral.jpg\",\"datePublished\":\"2025-07-08T22:07:51+00:00\",\"dateModified\":\"2025-11-17T13:46:44+00:00\",\"description\":\"Jeringas de insulina est\u00e9riles con aguja fina integrada. Ideal para uso diario en pacientes diab\u00e9ticos. Aplicaci\u00f3n c\u00f3moda y segura. Caja por 100.\",\"breadcrumb\":{\"@id\":\"https:\/\/rimmedical.com\/index.php\/producto\/aguja-de-insulina\/#breadcrumb\"},\"inLanguage\":\"es\",\"potentialAction\":[{\"@type\":\"ReadAction\",\"target\":[\"https:\/\/rimmedical.com\/index.php\/producto\/aguja-de-insulina\/\"]}]},{\"@type\":\"ImageObject\",\"inLanguage\":\"es\",\"@id\":\"https:\/\/rimmedical.com\/index.php\/producto\/aguja-de-insulina\/#primaryimage\",\"url\":\"https:\/\/rimmedical.com\/wp-content\/uploads\/2025\/07\/1mL_InSyringeGeneral.jpg\",\"contentUrl\":\"https:\/\/rimmedical.com\/wp-content\/uploads\/2025\/07\/1mL_InSyringeGeneral.jpg\",\"width\":800,\"height\":800,\"caption\":\"Jeringa de insulina 1ml con aguja 30G x 5\/16, marca RIM.\"},{\"@type\":\"BreadcrumbList\",\"@id\":\"https:\/\/rimmedical.com\/index.php\/producto\/aguja-de-insulina\/#breadcrumb\",\"itemListElement\":[{\"@type\":\"ListItem\",\"position\":1,\"name\":\"Portada\",\"item\":\"https:\/\/rimmedical.com\/\"},{\"@type\":\"ListItem\",\"position\":2,\"name\":\"Productos\",\"item\":\"https:\/\/rimmedical.com\/index.php\/tienda\/\"},{\"@type\":\"ListItem\",\"position\":3,\"name\":\"Jeringa de Insulina RIM\u00ae 1mL (30G x 5\/16\u201d) Ultra fina\"}]},{\"@type\":\"WebSite\",\"@id\":\"https:\/\/rimmedical.com\/#website\",\"url\":\"https:\/\/rimmedical.com\/\",\"name\":\"RIM INSUMOS M\u00c9DICOS EL SALVADOR\",\"description\":\"\",\"potentialAction\":[{\"@type\":\"SearchAction\",\"target\":{\"@type\":\"EntryPoint\",\"urlTemplate\":\"https:\/\/rimmedical.com\/?s={search_term_string}\"},\"query-input\":{\"@type\":\"PropertyValueSpecification\",\"valueRequired\":true,\"valueName\":\"search_term_string\"}}],\"inLanguage\":\"es\"}]}<\/script>\n<!-- \/ Yoast SEO plugin. -->","yoast_head_json":{"title":"Jeringa de insulina 1 mL | Dosis precisas y sin dolor","description":"Jeringas de insulina est\u00e9riles con aguja fina integrada. Ideal para uso diario en pacientes diab\u00e9ticos. Aplicaci\u00f3n c\u00f3moda y segura. Caja por 100.","robots":{"index":"index","follow":"follow","max-snippet":"max-snippet:-1","max-image-preview":"max-image-preview:large","max-video-preview":"max-video-preview:-1"},"canonical":"https:\/\/rimmedical.com\/index.php\/producto\/aguja-de-insulina\/","og_locale":"es_ES","og_type":"article","og_title":"Jeringa de insulina 1 mL | Dosis precisas y sin dolor","og_description":"Jeringas de insulina est\u00e9riles con aguja fina integrada. Ideal para uso diario en pacientes diab\u00e9ticos. Aplicaci\u00f3n c\u00f3moda y segura. Caja por 100.","og_url":"https:\/\/rimmedical.com\/index.php\/producto\/aguja-de-insulina\/","og_site_name":"RIM INSUMOS M\u00c9DICOS EL SALVADOR","article_modified_time":"2025-11-17T13:46:44+00:00","og_image":[{"width":800,"height":800,"url":"https:\/\/rimmedical.com\/wp-content\/uploads\/2025\/07\/1mL_InSyringeGeneral.jpg","type":"image\/jpeg"}],"twitter_card":"summary_large_image","twitter_misc":{"Tiempo de lectura":"1 minuto"},"schema":{"@context":"https:\/\/schema.org","@graph":[{"@type":"WebPage","@id":"https:\/\/rimmedical.com\/index.php\/producto\/aguja-de-insulina\/","url":"https:\/\/rimmedical.com\/index.php\/producto\/aguja-de-insulina\/","name":"Jeringa de insulina 1 mL | Dosis precisas y sin dolor","isPartOf":{"@id":"https:\/\/rimmedical.com\/#website"},"primaryImageOfPage":{"@id":"https:\/\/rimmedical.com\/index.php\/producto\/aguja-de-insulina\/#primaryimage"},"image":{"@id":"https:\/\/rimmedical.com\/index.php\/producto\/aguja-de-insulina\/#primaryimage"},"thumbnailUrl":"https:\/\/rimmedical.com\/wp-content\/uploads\/2025\/07\/1mL_InSyringeGeneral.jpg","datePublished":"2025-07-08T22:07:51+00:00","dateModified":"2025-11-17T13:46:44+00:00","description":"Jeringas de insulina est\u00e9riles con aguja fina integrada. Ideal para uso diario en pacientes diab\u00e9ticos. Aplicaci\u00f3n c\u00f3moda y segura. Caja por 100.","breadcrumb":{"@id":"https:\/\/rimmedical.com\/index.php\/producto\/aguja-de-insulina\/#breadcrumb"},"inLanguage":"es","potentialAction":[{"@type":"ReadAction","target":["https:\/\/rimmedical.com\/index.php\/producto\/aguja-de-insulina\/"]}]},{"@type":"ImageObject","inLanguage":"es","@id":"https:\/\/rimmedical.com\/index.php\/producto\/aguja-de-insulina\/#primaryimage","url":"https:\/\/rimmedical.com\/wp-content\/uploads\/2025\/07\/1mL_InSyringeGeneral.jpg","contentUrl":"https:\/\/rimmedical.com\/wp-content\/uploads\/2025\/07\/1mL_InSyringeGeneral.jpg","width":800,"height":800,"caption":"Jeringa de insulina 1ml con aguja 30G x 5\/16, marca RIM."},{"@type":"BreadcrumbList","@id":"https:\/\/rimmedical.com\/index.php\/producto\/aguja-de-insulina\/#breadcrumb","itemListElement":[{"@type":"ListItem","position":1,"name":"Portada","item":"https:\/\/rimmedical.com\/"},{"@type":"ListItem","position":2,"name":"Productos","item":"https:\/\/rimmedical.com\/index.php\/tienda\/"},{"@type":"ListItem","position":3,"name":"Jeringa de Insulina RIM\u00ae 1mL (30G x 5\/16\u201d) Ultra fina"}]},{"@type":"WebSite","@id":"https:\/\/rimmedical.com\/#website","url":"https:\/\/rimmedical.com\/","name":"RIM INSUMOS M\u00c9DICOS EL SALVADOR","description":"","potentialAction":[{"@type":"SearchAction","target":{"@type":"EntryPoint","urlTemplate":"https:\/\/rimmedical.com\/?s={search_term_string}"},"query-input":{"@type":"PropertyValueSpecification","valueRequired":true,"valueName":"search_term_string"}}],"inLanguage":"es"}]}},"jetpack_sharing_enabled":true,"_links":{"self":[{"href":"https:\/\/rimmedical.com\/index.php\/wp-json\/wp\/v2\/product\/653","targetHints":{"allow":["GET"]}}],"collection":[{"href":"https:\/\/rimmedical.com\/index.php\/wp-json\/wp\/v2\/product"}],"about":[{"href":"https:\/\/rimmedical.com\/index.php\/wp-json\/wp\/v2\/types\/product"}],"replies":[{"embeddable":true,"href":"https:\/\/rimmedical.com\/index.php\/wp-json\/wp\/v2\/comments?post=653"}],"wp:featuredmedia":[{"embeddable":true,"href":"https:\/\/rimmedical.com\/index.php\/wp-json\/wp\/v2\/media\/1971"}],"wp:attachment":[{"href":"https:\/\/rimmedical.com\/index.php\/wp-json\/wp\/v2\/media?parent=653"}],"wp:term":[{"taxonomy":"product_brand","embeddable":true,"href":"https:\/\/rimmedical.com\/index.php\/wp-json\/wp\/v2\/product_brand?post=653"},{"taxonomy":"product_cat","embeddable":true,"href":"https:\/\/rimmedical.com\/index.php\/wp-json\/wp\/v2\/product_cat?post=653"},{"taxonomy":"product_tag","embeddable":true,"href":"https:\/\/rimmedical.com\/index.php\/wp-json\/wp\/v2\/product_tag?post=653"}],"curies":[{"name":"wp","href":"https:\/\/api.w.org\/{rel}","templated":true}]}}