{"id":2029,"date":"2025-08-12T16:17:20","date_gmt":"2025-08-12T16:17:20","guid":{"rendered":"https:\/\/rimmedical.com\/?page_id=2029"},"modified":"2025-10-27T16:00:46","modified_gmt":"2025-10-27T16:00:46","slug":"2029-2","status":"publish","type":"page","link":"https:\/\/rimmedical.com\/index.php\/2029-2\/","title":{"rendered":"Con\u00f3cenos"},"content":{"rendered":"<p>[et_pb_section fb_built=\u00bb1&#8243; _builder_version=\u00bb4.27.4&#8243; _module_preset=\u00bbdefault\u00bb use_background_color_gradient=\u00bboff\u00bb global_colors_info=\u00bb{}\u00bb][et_pb_row _builder_version=\u00bb4.27.4&#8243; _module_preset=\u00bbdefault\u00bb global_colors_info=\u00bb{}\u00bb][et_pb_column type=\u00bb4_4&#8243; _builder_version=\u00bb4.27.4&#8243; _module_preset=\u00bbdefault\u00bb global_colors_info=\u00bb{}\u00bb][et_pb_text _builder_version=\u00bb4.27.4&#8243; _module_preset=\u00bbdefault\u00bb text_font=\u00bbPoppins|800|||||||\u00bb text_text_color=\u00bb#305586&#8243; text_font_size=\u00bb40px\u00bb text_orientation=\u00bbcenter\u00bb module_alignment=\u00bbcenter\u00bb global_colors_info=\u00bb{}\u00bb]<\/p>\n<p>\u00bfQU\u00c9 ES RIM?<\/p>\n<p>[\/et_pb_text][\/et_pb_column][\/et_pb_row][et_pb_row disabled_on=\u00bbon|off|off\u00bb _builder_version=\u00bb4.27.4&#8243; _module_preset=\u00bbdefault\u00bb global_colors_info=\u00bb{}\u00bb][et_pb_column type=\u00bb4_4&#8243; _builder_version=\u00bb4.27.4&#8243; _module_preset=\u00bbdefault\u00bb global_colors_info=\u00bb{}\u00bb][et_pb_text _builder_version=\u00bb4.27.4&#8243; _module_preset=\u00bbdefault\u00bb text_font=\u00bbPoppins||||||||\u00bb text_font_size=\u00bb20px\u00bb global_colors_info=\u00bb{}\u00bb]<\/p>\n<p style=\"text-align: justify;\"><span>En RIM contamos con 14 a\u00f1os de experiencia en la distribuci\u00f3n mayorista de insumos m\u00e9dicos est\u00e9riles y confiables para uso en hospitales, cl\u00ednicas y farmacias. Nuestro portafolio incluye<\/span><strong><span>\u00a0<\/span>jeringas de insulina, jeringas luer lock, jeringas de tuberculina luer slip, agujas hipod\u00e9rmicas, gasas quir\u00fargicas<\/strong><span>\u00a0y otros productos esenciales para el cuidado cl\u00ednico.<\/span><\/p>\n<p style=\"text-align: justify;\"><span>Todos nuestros productos cuentan con respaldo t\u00e9cnico y certificaci\u00f3n de calidad. Nos especializamos en ofrecer soluciones m\u00e9dicas seguras, accesibles y reguladas, garantizando excelencia en cada entrega y facilitando el trabajo de los profesionales de la salud en El Salvador.<\/span><\/p>\n<p>[\/et_pb_text][\/et_pb_column][\/et_pb_row][et_pb_row disabled_on=\u00bboff|on|on\u00bb _builder_version=\u00bb4.27.4&#8243; _module_preset=\u00bbdefault\u00bb global_colors_info=\u00bb{}\u00bb][et_pb_column type=\u00bb4_4&#8243; _builder_version=\u00bb4.27.4&#8243; _module_preset=\u00bbdefault\u00bb global_colors_info=\u00bb{}\u00bb][et_pb_text _builder_version=\u00bb4.27.4&#8243; _module_preset=\u00bbdefault\u00bb text_font=\u00bbPoppins||||||||\u00bb text_font_size=\u00bb13px\u00bb text_line_height=\u00bb1.6em\u00bb text_orientation=\u00bbcenter\u00bb global_colors_info=\u00bb{}\u00bb]<\/p>\n<p style=\"text-align: justify;\"><span>En RIM contamos con 14 a\u00f1os de experiencia en la distribuci\u00f3n mayorista de insumos m\u00e9dicos est\u00e9riles y confiables para uso en hospitales, cl\u00ednicas y farmacias. Nuestro portafolio incluye<\/span><strong><span>\u00a0<\/span>jeringas de insulina, jeringas luer lock, jeringas de tuberculina luer slip, agujas hipod\u00e9rmicas, gasas quir\u00fargicas<\/strong><span>\u00a0y otros productos esenciales para el cuidado cl\u00ednico.<\/span><\/p>\n<p style=\"text-align: justify;\"><span>Todos nuestros productos cuentan con respaldo t\u00e9cnico y certificaci\u00f3n de calidad. Nos especializamos en ofrecer soluciones m\u00e9dicas seguras, accesibles y reguladas, garantizando excelencia en cada entrega y facilitando el trabajo de los profesionales de la salud en El Salvador.<\/span><\/p>\n<p>[\/et_pb_text][\/et_pb_column][\/et_pb_row][et_pb_row disabled_on=\u00bbon|off|off\u00bb _builder_version=\u00bb4.27.4&#8243; _module_preset=\u00bbdefault\u00bb global_colors_info=\u00bb{}\u00bb][et_pb_column type=\u00bb4_4&#8243; _builder_version=\u00bb4.27.4&#8243; _module_preset=\u00bbdefault\u00bb global_colors_info=\u00bb{}\u00bb][et_pb_image src=\u00bbhttps:\/\/rimmedical.com\/wp-content\/uploads\/2025\/08\/005.jpg\u00bb title_text=\u00bb005&#8243; _builder_version=\u00bb4.27.4&#8243; _module_preset=\u00bbdefault\u00bb border_radii=\u00bbon|10px|10px|10px|10px\u00bb global_colors_info=\u00bb{}\u00bb][\/et_pb_image][\/et_pb_column][\/et_pb_row][et_pb_row column_structure=\u00bb1_2,1_2&#8243; disabled_on=\u00bbon|on|on\u00bb _builder_version=\u00bb4.27.4&#8243; _module_preset=\u00bbdefault\u00bb transform_translate=\u00bb-34px|0px\u00bb transform_translate_linked=\u00bboff\u00bb module_alignment=\u00bbcenter\u00bb hover_enabled=\u00bb0&#8243; global_colors_info=\u00bb{}\u00bb disabled=\u00bbon\u00bb sticky_enabled=\u00bb0&#8243;][et_pb_column type=\u00bb1_2&#8243; _builder_version=\u00bb4.27.4&#8243; _module_preset=\u00bbdefault\u00bb global_colors_info=\u00bb{}\u00bb][et_pb_blurb title=\u00bbMISI\u00d3N\u00bb use_icon=\u00bbon\u00bb font_icon=\u00bb&#xe0f5;||divi||400&#8243; icon_color=\u00bb#828282&#8243; image_icon_width=\u00bb68px\u00bb _builder_version=\u00bb4.27.4&#8243; _module_preset=\u00bbdefault\u00bb header_font=\u00bbPoppins|700|||||||\u00bb header_text_color=\u00bbgcid-secondary-color\u00bb header_font_size=\u00bb27px\u00bb body_font=\u00bbPoppins|500|||||||\u00bb background_color=\u00bb#f4f4f4&#8243; text_orientation=\u00bbcenter\u00bb module_alignment=\u00bbcenter\u00bb custom_margin=\u00bb|||62px|false|false\u00bb custom_padding=\u00bb32px|46px|39px|47px|false|false\u00bb animation_style=\u00bbfold\u00bb animation_direction=\u00bbleft\u00bb border_radii=\u00bbon|28px|28px|28px|28px\u00bb global_colors_info=\u00bb{%22gcid-secondary-color%22:%91%22header_text_color%22%93}\u00bb]<\/p>\n<p>Your content goes here. Edit or remove this text inline or in the module Content settings. You can also style every aspect of this content in the module Design settings and even apply custom CSS to this text in the module Advanced settings.<\/p>\n<p>[\/et_pb_blurb][\/et_pb_column][et_pb_column type=\u00bb1_2&#8243; _builder_version=\u00bb4.27.4&#8243; _module_preset=\u00bbdefault\u00bb global_colors_info=\u00bb{}\u00bb][et_pb_blurb title=\u00bbVISI\u00d3N\u00bb use_icon=\u00bbon\u00bb font_icon=\u00bb&#xf0eb;||fa||400&#8243; icon_color=\u00bb#828282&#8243; image_icon_width=\u00bb68px\u00bb _builder_version=\u00bb4.27.4&#8243; _module_preset=\u00bbdefault\u00bb header_font=\u00bbPoppins|700|||||||\u00bb header_text_color=\u00bbgcid-secondary-color\u00bb header_font_size=\u00bb27px\u00bb body_font=\u00bbPoppins|500|||||||\u00bb background_color=\u00bb#f4f4f4&#8243; text_orientation=\u00bbcenter\u00bb module_alignment=\u00bbcenter\u00bb custom_margin=\u00bb|||62px|false|false\u00bb custom_padding=\u00bb32px|46px|39px|47px|false|false\u00bb animation_style=\u00bbfold\u00bb animation_direction=\u00bbright\u00bb border_radii=\u00bbon|28px|28px|28px|28px\u00bb locked=\u00bboff\u00bb global_colors_info=\u00bb{%22gcid-secondary-color%22:%91%22header_text_color%22%93}\u00bb]<\/p>\n<p>Your content goes here. Edit or remove this text inline or in the module Content settings. You can also style every aspect of this content in the module Design settings and even apply custom CSS to this text in the module Advanced settings.<\/p>\n<p>[\/et_pb_blurb][\/et_pb_column][\/et_pb_row][et_pb_row column_structure=\u00bb1_2,1_2&#8243; disabled_on=\u00bbon|on|on\u00bb module_class=\u00bbmis-vis\u00bb _builder_version=\u00bb4.27.4&#8243; _module_preset=\u00bbdefault\u00bb transform_translate=\u00bb-17px|0px\u00bb transform_translate_linked=\u00bboff\u00bb module_alignment=\u00bbcenter\u00bb hover_enabled=\u00bb0&#8243; custom_css_free_form=\u00bb||\u00bb global_colors_info=\u00bb{}\u00bb disabled=\u00bbon\u00bb sticky_enabled=\u00bb0&#8243;][et_pb_column type=\u00bb1_2&#8243; _builder_version=\u00bb4.27.4&#8243; _module_preset=\u00bbdefault\u00bb global_colors_info=\u00bb{}\u00bb][et_pb_blurb title=\u00bbMISI\u00d3N\u00bb use_icon=\u00bbon\u00bb font_icon=\u00bb&#xe0f5;||divi||400&#8243; icon_color=\u00bb#828282&#8243; image_icon_width=\u00bb68px\u00bb _builder_version=\u00bb4.27.4&#8243; _module_preset=\u00bbdefault\u00bb header_font=\u00bbPoppins|700|||||||\u00bb header_text_color=\u00bbgcid-secondary-color\u00bb header_font_size=\u00bb27px\u00bb body_font=\u00bbPoppins|500|||||||\u00bb background_color=\u00bb#f4f4f4&#8243; text_orientation=\u00bbcenter\u00bb module_alignment=\u00bbcenter\u00bb custom_margin=\u00bb|||62px|false|false\u00bb custom_padding=\u00bb32px|46px|39px|47px|false|false\u00bb animation_style=\u00bbfold\u00bb animation_direction=\u00bbleft\u00bb border_radii=\u00bbon|28px|28px|28px|28px\u00bb global_colors_info=\u00bb{%22gcid-secondary-color%22:%91%22header_text_color%22%93}\u00bb]<\/p>\n<p>Your content goes here. Edit or remove this text inline or in the module Content settings. You can also style every aspect of this content in the module Design settings and even apply custom CSS to this text in the module Advanced settings.<\/p>\n<p>[\/et_pb_blurb][\/et_pb_column][et_pb_column type=\u00bb1_2&#8243; _builder_version=\u00bb4.27.4&#8243; _module_preset=\u00bbdefault\u00bb global_colors_info=\u00bb{}\u00bb][et_pb_blurb title=\u00bbVISI\u00d3N\u00bb use_icon=\u00bbon\u00bb font_icon=\u00bb&#xf0eb;||fa||400&#8243; icon_color=\u00bb#828282&#8243; image_icon_width=\u00bb68px\u00bb _builder_version=\u00bb4.27.4&#8243; _module_preset=\u00bbdefault\u00bb header_font=\u00bbPoppins|700|||||||\u00bb header_text_color=\u00bbgcid-secondary-color\u00bb header_font_size=\u00bb27px\u00bb body_font=\u00bbPoppins|500|||||||\u00bb background_color=\u00bb#f4f4f4&#8243; text_orientation=\u00bbcenter\u00bb module_alignment=\u00bbcenter\u00bb custom_margin=\u00bb|||62px|false|false\u00bb custom_padding=\u00bb32px|46px|39px|47px|false|false\u00bb animation_style=\u00bbfold\u00bb animation_direction=\u00bbright\u00bb border_radii=\u00bbon|28px|28px|28px|28px\u00bb locked=\u00bboff\u00bb global_colors_info=\u00bb{%22gcid-secondary-color%22:%91%22header_text_color%22%93}\u00bb]<\/p>\n<p>Your content goes here. Edit or remove this text inline or in the module Content settings. You can also style every aspect of this content in the module Design settings and even apply custom CSS to this text in the module Advanced settings.<\/p>\n<p>[\/et_pb_blurb][\/et_pb_column][\/et_pb_row][et_pb_row _builder_version=\u00bb4.27.4&#8243; _module_preset=\u00bbdefault\u00bb height=\u00bb104px\u00bb locked=\u00bboff\u00bb global_colors_info=\u00bb{}\u00bb][et_pb_column type=\u00bb4_4&#8243; _builder_version=\u00bb4.27.4&#8243; _module_preset=\u00bbdefault\u00bb global_colors_info=\u00bb{}\u00bb][\/et_pb_column][\/et_pb_row][et_pb_row _builder_version=\u00bb4.27.4&#8243; _module_preset=\u00bbdefault\u00bb global_colors_info=\u00bb{}\u00bb][et_pb_column type=\u00bb4_4&#8243; _builder_version=\u00bb4.27.4&#8243; _module_preset=\u00bbdefault\u00bb global_colors_info=\u00bb{}\u00bb][et_pb_text _builder_version=\u00bb4.27.4&#8243; _module_preset=\u00bbdefault\u00bb text_font=\u00bbPoppins|700|||||||\u00bb text_text_color=\u00bbgcid-secondary-color\u00bb text_font_size=\u00bb19px\u00bb transform_translate_linked=\u00bboff\u00bb text_orientation=\u00bbcenter\u00bb global_colors_info=\u00bb{%22gcid-secondary-color%22:%91%22text_text_color%22%93}\u00bb]<\/p>\n<p>CERTIFICACIONES INTERNACIONALES<\/p>\n<p>[\/et_pb_text][\/et_pb_column][\/et_pb_row][et_pb_row _builder_version=\u00bb4.27.4&#8243; _module_preset=\u00bbdefault\u00bb global_colors_info=\u00bb{}\u00bb][et_pb_column type=\u00bb4_4&#8243; _builder_version=\u00bb4.27.4&#8243; _module_preset=\u00bbdefault\u00bb global_colors_info=\u00bb{}\u00bb][et_pb_image src=\u00bbhttps:\/\/rimmedical.com\/wp-content\/uploads\/2025\/08\/certificados-RIM-WEBMesa-de-trabajo-1@72x.webp\u00bb title_text=\u00bbcertificados RIM WEBMesa de trabajo 1@72x\u00bb align=\u00bbcenter\u00bb _builder_version=\u00bb4.27.4&#8243; _module_preset=\u00bbdefault\u00bb transform_scale=\u00bb81%|81%\u00bb transform_translate=\u00bb0px|-49px\u00bb transform_translate_linked=\u00bboff\u00bb locked=\u00bboff\u00bb global_colors_info=\u00bb{}\u00bb][\/et_pb_image][\/et_pb_column][\/et_pb_row][et_pb_row _builder_version=\u00bb4.27.4&#8243; _module_preset=\u00bbdefault\u00bb height=\u00bb104px\u00bb locked=\u00bboff\u00bb global_colors_info=\u00bb{}\u00bb][et_pb_column type=\u00bb4_4&#8243; _builder_version=\u00bb4.27.4&#8243; _module_preset=\u00bbdefault\u00bb global_colors_info=\u00bb{}\u00bb][\/et_pb_column][\/et_pb_row][et_pb_row _builder_version=\u00bb4.27.4&#8243; _module_preset=\u00bbdefault\u00bb global_colors_info=\u00bb{}\u00bb][et_pb_column type=\u00bb4_4&#8243; _builder_version=\u00bb4.27.4&#8243; _module_preset=\u00bbdefault\u00bb global_colors_info=\u00bb{}\u00bb][et_pb_text _builder_version=\u00bb4.27.4&#8243; _module_preset=\u00bbdefault\u00bb text_font=\u00bbPoppins|800|||||||\u00bb text_text_color=\u00bb#305586&#8243; text_font_size=\u00bb23px\u00bb global_colors_info=\u00bb{}\u00bb]<\/p>\n<p>COMENTARIOS<\/p>\n<p>[\/et_pb_text][\/et_pb_column][\/et_pb_row][et_pb_row _builder_version=\u00bb4.27.4&#8243; _module_preset=\u00bbdefault\u00bb global_colors_info=\u00bb{}\u00bb][et_pb_column type=\u00bb4_4&#8243; _builder_version=\u00bb4.27.4&#8243; _module_preset=\u00bbdefault\u00bb global_colors_info=\u00bb{}\u00bb][et_pb_contact_form _builder_version=\u00bb4.27.4&#8243; _module_preset=\u00bbdefault\u00bb _unique_id=\u00bbe3bce692-f722-4ded-aa91-7f6cb32ae0ab\u00bb custom_button=\u00bbon\u00bb button_text_color=\u00bb#ffffff\u00bb button_bg_color=\u00bb#0C71C3&#8243; button_border_radius=\u00bb5px\u00bb button_font=\u00bbPoppins|300|||||||\u00bb global_colors_info=\u00bb{}\u00bb][et_pb_contact_field field_id=\u00bbName\u00bb field_title=\u00bbNombre\u00bb _builder_version=\u00bb4.16&#8243; global_colors_info=\u00bb{}\u00bb button_text_size__hover_enabled=\u00bboff\u00bb button_one_text_size__hover_enabled=\u00bboff\u00bb button_two_text_size__hover_enabled=\u00bboff\u00bb button_text_color__hover_enabled=\u00bboff\u00bb button_one_text_color__hover_enabled=\u00bboff\u00bb button_two_text_color__hover_enabled=\u00bboff\u00bb button_border_width__hover_enabled=\u00bboff\u00bb button_one_border_width__hover_enabled=\u00bboff\u00bb button_two_border_width__hover_enabled=\u00bboff\u00bb button_border_color__hover_enabled=\u00bboff\u00bb button_one_border_color__hover_enabled=\u00bboff\u00bb button_two_border_color__hover_enabled=\u00bboff\u00bb button_border_radius__hover_enabled=\u00bboff\u00bb button_one_border_radius__hover_enabled=\u00bboff\u00bb button_two_border_radius__hover_enabled=\u00bboff\u00bb button_letter_spacing__hover_enabled=\u00bboff\u00bb button_one_letter_spacing__hover_enabled=\u00bboff\u00bb button_two_letter_spacing__hover_enabled=\u00bboff\u00bb button_bg_color__hover_enabled=\u00bboff\u00bb button_one_bg_color__hover_enabled=\u00bboff\u00bb button_two_bg_color__hover_enabled=\u00bboff\u00bb][\/et_pb_contact_field][et_pb_contact_field field_id=\u00bbEmail\u00bb field_title=\u00bbDirecci\u00f3n de correo electr\u00f3nico\u00bb field_type=\u00bbemail\u00bb _builder_version=\u00bb4.16&#8243; global_colors_info=\u00bb{}\u00bb button_text_size__hover_enabled=\u00bboff\u00bb button_one_text_size__hover_enabled=\u00bboff\u00bb button_two_text_size__hover_enabled=\u00bboff\u00bb button_text_color__hover_enabled=\u00bboff\u00bb button_one_text_color__hover_enabled=\u00bboff\u00bb button_two_text_color__hover_enabled=\u00bboff\u00bb button_border_width__hover_enabled=\u00bboff\u00bb button_one_border_width__hover_enabled=\u00bboff\u00bb button_two_border_width__hover_enabled=\u00bboff\u00bb button_border_color__hover_enabled=\u00bboff\u00bb button_one_border_color__hover_enabled=\u00bboff\u00bb button_two_border_color__hover_enabled=\u00bboff\u00bb button_border_radius__hover_enabled=\u00bboff\u00bb button_one_border_radius__hover_enabled=\u00bboff\u00bb button_two_border_radius__hover_enabled=\u00bboff\u00bb button_letter_spacing__hover_enabled=\u00bboff\u00bb button_one_letter_spacing__hover_enabled=\u00bboff\u00bb button_two_letter_spacing__hover_enabled=\u00bboff\u00bb button_bg_color__hover_enabled=\u00bboff\u00bb button_one_bg_color__hover_enabled=\u00bboff\u00bb button_two_bg_color__hover_enabled=\u00bboff\u00bb][\/et_pb_contact_field][et_pb_contact_field field_id=\u00bbMessage\u00bb field_title=\u00bbMensaje\u00bb field_type=\u00bbtext\u00bb fullwidth_field=\u00bbon\u00bb _builder_version=\u00bb4.16&#8243; global_colors_info=\u00bb{}\u00bb button_text_size__hover_enabled=\u00bboff\u00bb button_one_text_size__hover_enabled=\u00bboff\u00bb button_two_text_size__hover_enabled=\u00bboff\u00bb button_text_color__hover_enabled=\u00bboff\u00bb button_one_text_color__hover_enabled=\u00bboff\u00bb button_two_text_color__hover_enabled=\u00bboff\u00bb button_border_width__hover_enabled=\u00bboff\u00bb button_one_border_width__hover_enabled=\u00bboff\u00bb button_two_border_width__hover_enabled=\u00bboff\u00bb button_border_color__hover_enabled=\u00bboff\u00bb button_one_border_color__hover_enabled=\u00bboff\u00bb button_two_border_color__hover_enabled=\u00bboff\u00bb button_border_radius__hover_enabled=\u00bboff\u00bb button_one_border_radius__hover_enabled=\u00bboff\u00bb button_two_border_radius__hover_enabled=\u00bboff\u00bb button_letter_spacing__hover_enabled=\u00bboff\u00bb button_one_letter_spacing__hover_enabled=\u00bboff\u00bb button_two_letter_spacing__hover_enabled=\u00bboff\u00bb button_bg_color__hover_enabled=\u00bboff\u00bb button_one_bg_color__hover_enabled=\u00bboff\u00bb button_two_bg_color__hover_enabled=\u00bboff\u00bb][\/et_pb_contact_field][\/et_pb_contact_form][\/et_pb_column][\/et_pb_row][\/et_pb_section]<\/p>\n","protected":false},"excerpt":{"rendered":"<p>\u00bfQU\u00c9 ES RIM?En RIM contamos con 14 a\u00f1os de experiencia en la distribuci\u00f3n mayorista de insumos m\u00e9dicos est\u00e9riles y confiables para uso en hospitales, cl\u00ednicas y farmacias. Nuestro portafolio incluye\u00a0jeringas de insulina, jeringas luer lock, jeringas de tuberculina luer slip, agujas hipod\u00e9rmicas, gasas quir\u00fargicas\u00a0y otros productos esenciales para el cuidado cl\u00ednico. Todos nuestros productos cuentan [&hellip;]<\/p>\n","protected":false},"author":6,"featured_media":0,"parent":0,"menu_order":0,"comment_status":"open","ping_status":"closed","template":"","meta":{"_et_pb_use_builder":"on","_et_pb_old_content":"","_et_gb_content_width":"","footnotes":""},"class_list":["post-2029","page","type-page","status-publish","hentry"],"yoast_head":"<!-- This site is optimized with the Yoast SEO plugin v26.9 - https:\/\/yoast.com\/product\/yoast-seo-wordpress\/ -->\n<title>Con\u00f3cenos - RIM INSUMOS M\u00c9DICOS EL SALVADOR<\/title>\n<meta name=\"robots\" content=\"index, follow, max-snippet:-1, max-image-preview:large, max-video-preview:-1\" \/>\n<link rel=\"canonical\" href=\"https:\/\/rimmedical.com\/index.php\/2029-2\/\" \/>\n<meta property=\"og:locale\" content=\"es_ES\" \/>\n<meta property=\"og:type\" content=\"article\" \/>\n<meta property=\"og:title\" content=\"Con\u00f3cenos - RIM INSUMOS M\u00c9DICOS EL SALVADOR\" \/>\n<meta property=\"og:description\" content=\"\u00bfQU\u00c9 ES RIM?En RIM contamos con 14 a\u00f1os de experiencia en la distribuci\u00f3n mayorista de insumos m\u00e9dicos est\u00e9riles y confiables para uso en hospitales, cl\u00ednicas y farmacias. Nuestro portafolio incluye\u00a0jeringas de insulina, jeringas luer lock, jeringas de tuberculina luer slip, agujas hipod\u00e9rmicas, gasas quir\u00fargicas\u00a0y otros productos esenciales para el cuidado cl\u00ednico. Todos nuestros productos cuentan [&hellip;]\" \/>\n<meta property=\"og:url\" content=\"https:\/\/rimmedical.com\/index.php\/2029-2\/\" \/>\n<meta property=\"og:site_name\" content=\"RIM INSUMOS M\u00c9DICOS EL SALVADOR\" \/>\n<meta property=\"article:modified_time\" content=\"2025-10-27T16:00:46+00:00\" \/>\n<meta name=\"twitter:card\" content=\"summary_large_image\" \/>\n<script type=\"application\/ld+json\" class=\"yoast-schema-graph\">{\"@context\":\"https:\/\/schema.org\",\"@graph\":[{\"@type\":\"WebPage\",\"@id\":\"https:\/\/rimmedical.com\/index.php\/2029-2\/\",\"url\":\"https:\/\/rimmedical.com\/index.php\/2029-2\/\",\"name\":\"Con\u00f3cenos - RIM INSUMOS M\u00c9DICOS EL SALVADOR\",\"isPartOf\":{\"@id\":\"https:\/\/rimmedical.com\/#website\"},\"datePublished\":\"2025-08-12T16:17:20+00:00\",\"dateModified\":\"2025-10-27T16:00:46+00:00\",\"breadcrumb\":{\"@id\":\"https:\/\/rimmedical.com\/index.php\/2029-2\/#breadcrumb\"},\"inLanguage\":\"es\",\"potentialAction\":[{\"@type\":\"ReadAction\",\"target\":[\"https:\/\/rimmedical.com\/index.php\/2029-2\/\"]}]},{\"@type\":\"BreadcrumbList\",\"@id\":\"https:\/\/rimmedical.com\/index.php\/2029-2\/#breadcrumb\",\"itemListElement\":[{\"@type\":\"ListItem\",\"position\":1,\"name\":\"Portada\",\"item\":\"https:\/\/rimmedical.com\/\"},{\"@type\":\"ListItem\",\"position\":2,\"name\":\"Con\u00f3cenos\"}]},{\"@type\":\"WebSite\",\"@id\":\"https:\/\/rimmedical.com\/#website\",\"url\":\"https:\/\/rimmedical.com\/\",\"name\":\"RIM INSUMOS M\u00c9DICOS EL SALVADOR\",\"description\":\"\",\"potentialAction\":[{\"@type\":\"SearchAction\",\"target\":{\"@type\":\"EntryPoint\",\"urlTemplate\":\"https:\/\/rimmedical.com\/?s={search_term_string}\"},\"query-input\":{\"@type\":\"PropertyValueSpecification\",\"valueRequired\":true,\"valueName\":\"search_term_string\"}}],\"inLanguage\":\"es\"}]}<\/script>\n<!-- \/ Yoast SEO plugin. -->","yoast_head_json":{"title":"Con\u00f3cenos - RIM INSUMOS M\u00c9DICOS EL SALVADOR","robots":{"index":"index","follow":"follow","max-snippet":"max-snippet:-1","max-image-preview":"max-image-preview:large","max-video-preview":"max-video-preview:-1"},"canonical":"https:\/\/rimmedical.com\/index.php\/2029-2\/","og_locale":"es_ES","og_type":"article","og_title":"Con\u00f3cenos - RIM INSUMOS M\u00c9DICOS EL SALVADOR","og_description":"\u00bfQU\u00c9 ES RIM?En RIM contamos con 14 a\u00f1os de experiencia en la distribuci\u00f3n mayorista de insumos m\u00e9dicos est\u00e9riles y confiables para uso en hospitales, cl\u00ednicas y farmacias. Nuestro portafolio incluye\u00a0jeringas de insulina, jeringas luer lock, jeringas de tuberculina luer slip, agujas hipod\u00e9rmicas, gasas quir\u00fargicas\u00a0y otros productos esenciales para el cuidado cl\u00ednico. Todos nuestros productos cuentan [&hellip;]","og_url":"https:\/\/rimmedical.com\/index.php\/2029-2\/","og_site_name":"RIM INSUMOS M\u00c9DICOS EL SALVADOR","article_modified_time":"2025-10-27T16:00:46+00:00","twitter_card":"summary_large_image","schema":{"@context":"https:\/\/schema.org","@graph":[{"@type":"WebPage","@id":"https:\/\/rimmedical.com\/index.php\/2029-2\/","url":"https:\/\/rimmedical.com\/index.php\/2029-2\/","name":"Con\u00f3cenos - RIM INSUMOS M\u00c9DICOS EL SALVADOR","isPartOf":{"@id":"https:\/\/rimmedical.com\/#website"},"datePublished":"2025-08-12T16:17:20+00:00","dateModified":"2025-10-27T16:00:46+00:00","breadcrumb":{"@id":"https:\/\/rimmedical.com\/index.php\/2029-2\/#breadcrumb"},"inLanguage":"es","potentialAction":[{"@type":"ReadAction","target":["https:\/\/rimmedical.com\/index.php\/2029-2\/"]}]},{"@type":"BreadcrumbList","@id":"https:\/\/rimmedical.com\/index.php\/2029-2\/#breadcrumb","itemListElement":[{"@type":"ListItem","position":1,"name":"Portada","item":"https:\/\/rimmedical.com\/"},{"@type":"ListItem","position":2,"name":"Con\u00f3cenos"}]},{"@type":"WebSite","@id":"https:\/\/rimmedical.com\/#website","url":"https:\/\/rimmedical.com\/","name":"RIM INSUMOS M\u00c9DICOS EL SALVADOR","description":"","potentialAction":[{"@type":"SearchAction","target":{"@type":"EntryPoint","urlTemplate":"https:\/\/rimmedical.com\/?s={search_term_string}"},"query-input":{"@type":"PropertyValueSpecification","valueRequired":true,"valueName":"search_term_string"}}],"inLanguage":"es"}]}},"jetpack_sharing_enabled":true,"_links":{"self":[{"href":"https:\/\/rimmedical.com\/index.php\/wp-json\/wp\/v2\/pages\/2029","targetHints":{"allow":["GET"]}}],"collection":[{"href":"https:\/\/rimmedical.com\/index.php\/wp-json\/wp\/v2\/pages"}],"about":[{"href":"https:\/\/rimmedical.com\/index.php\/wp-json\/wp\/v2\/types\/page"}],"author":[{"embeddable":true,"href":"https:\/\/rimmedical.com\/index.php\/wp-json\/wp\/v2\/users\/6"}],"replies":[{"embeddable":true,"href":"https:\/\/rimmedical.com\/index.php\/wp-json\/wp\/v2\/comments?post=2029"}],"version-history":[{"count":2,"href":"https:\/\/rimmedical.com\/index.php\/wp-json\/wp\/v2\/pages\/2029\/revisions"}],"predecessor-version":[{"id":2702,"href":"https:\/\/rimmedical.com\/index.php\/wp-json\/wp\/v2\/pages\/2029\/revisions\/2702"}],"wp:attachment":[{"href":"https:\/\/rimmedical.com\/index.php\/wp-json\/wp\/v2\/media?parent=2029"}],"curies":[{"name":"wp","href":"https:\/\/api.w.org\/{rel}","templated":true}]}}